{"id":2503,"date":"2023-02-20T22:37:05","date_gmt":"2023-02-20T21:37:05","guid":{"rendered":"https:\/\/gustavoleon.es\/declaracion-de-accesibilidad\/"},"modified":"2023-04-20T18:02:43","modified_gmt":"2023-04-20T16:02:43","slug":"accessibility-statement","status":"publish","type":"page","link":"https:\/\/gustavoleon.es\/en\/accessibility-statement\/","title":{"rendered":"Accessibility Statement"},"content":{"rendered":"\t\t<div data-elementor-type=\"wp-page\" data-elementor-id=\"2503\" class=\"elementor elementor-2503\">\n\t\t\t\t\t\t<section class=\"elementor-section elementor-top-section elementor-element elementor-element-e043617 elementor-section-boxed elementor-section-height-default elementor-section-height-default\" data-id=\"e043617\" data-element_type=\"section\" data-e-type=\"section\" data-settings=\"{&quot;background_background&quot;:&quot;classic&quot;}\">\n\t\t\t\t\t\t\t<div class=\"elementor-background-overlay\"><\/div>\n\t\t\t\t\t\t\t<div class=\"elementor-container elementor-column-gap-no\">\n\t\t\t\t\t<div class=\"elementor-column elementor-col-100 elementor-top-column elementor-element elementor-element-e963452\" data-id=\"e963452\" data-element_type=\"column\" data-e-type=\"column\" data-settings=\"{&quot;background_background&quot;:&quot;classic&quot;}\">\n\t\t\t<div class=\"elementor-widget-wrap elementor-element-populated\">\n\t\t\t\t\t\t<div class=\"elementor-element elementor-element-474f6e9 elementor-widget elementor-widget-heading\" data-id=\"474f6e9\" data-element_type=\"widget\" data-e-type=\"widget\" data-widget_type=\"heading.default\">\n\t\t\t\t<div class=\"elementor-widget-container\">\n\t\t\t\t\t<h1 class=\"elementor-heading-title elementor-size-default\">Declaraci\u00f3n de accesibilidad<\/h1>\t\t\t\t<\/div>\n\t\t\t\t<\/div>\n\t\t\t\t\t<\/div>\n\t\t<\/div>\n\t\t\t\t\t<\/div>\n\t\t<\/section>\n\t\t\t\t<section class=\"elementor-section elementor-top-section elementor-element elementor-element-1d7d2f1 elementor-section-boxed elementor-section-height-default elementor-section-height-default\" data-id=\"1d7d2f1\" data-element_type=\"section\" data-e-type=\"section\">\n\t\t\t\t\t\t<div class=\"elementor-container elementor-column-gap-default\">\n\t\t\t\t\t<div class=\"elementor-column elementor-col-100 elementor-top-column elementor-element elementor-element-fe70404\" data-id=\"fe70404\" data-element_type=\"column\" data-e-type=\"column\">\n\t\t\t<div class=\"elementor-widget-wrap elementor-element-populated\">\n\t\t\t\t\t\t<div class=\"elementor-element elementor-element-bb781ce elementor-widget elementor-widget-text-editor\" data-id=\"bb781ce\" data-element_type=\"widget\" data-e-type=\"widget\" data-widget_type=\"text-editor.default\">\n\t\t\t\t<div class=\"elementor-widget-container\">\n\t\t\t\t\t\t\t\t\t<p>Gustavo Le\u00f3n Pel\u00e1ez, with NIF\/CIF53154522G , has undertaken to make his websites accessible in accordance with the <strong><a href=\"https:\/\/www.boe.es\/buscar\/act.php?id=BOE-A-2018-12699\">Royal Decree 1112\/2018, of September 7, on accessibility of public sector websites and applications for mobile devices.<\/a><\/strong><\/p><h2>COMPLIANCE STATUS<\/h2><p>This website <strong>is partially compliant<\/strong> with <a href=\"https:\/\/www.boe.es\/diario_boe\/txt.php?id=BOE-A-2018-12699\"><strong>RD 1112\/2018<\/strong><\/a> due to the exceptions and non-compliance of the aspects listed below..<\/p><h2>CONTENT NOT ACCESSIBLE<\/h2><p>The following content is not accessible for the following reasons:<\/p><p><strong>Non-compliance with the RD 1112\/2018:<\/strong><\/p><ul><li style=\"list-style-type: none;\"><ul><li>In some cases, it may happen that the textual content is given without sufficient contrast.<\/li><\/ul><\/li><\/ul><p><strong>Disproportionate burden:<\/strong><\/p><p>Not applicable.<\/p><p><strong>Content does not fall within the scope of the applicable law:<\/strong><\/p><p>Not applicable.<\/p><h2>PREPARATION OF THIS ACCESSIBILITY STATEMENT<\/h2><p>This statement was prepared on February 20, 2023.<\/p><p>The method used for the present declaration has been a self-assessment carried out by the Digitizing Agent in charge of the correct creation and proper functioning of this Web site.<\/p><p>Last revision of the statement: February 22, 2023.<\/p><p><span style=\"font-size: 1.7em; font-weight: bold;\">COMMENTS AND CONTACT INFORMATION<\/span><\/p><h3>Communications on accessibility requirements<\/h3><p>You can make communications on accessibility requirements (article 10.2.a of RD 1112\/2018) such as, for example:<\/p><ul><li><strong>to report any possible non-compliance by this website<\/strong><\/li><li><strong>transmit other difficulties in accessing the content<\/strong><\/li><li><strong>ask any other questions or suggestions for improvement regarding the accessibility of the website<\/strong><\/li><\/ul><p>Through the <strong>contact form<\/strong> that we have designated for this purpose on our contact page.<\/p><p>You may also communicate such incidents through the following email: gleon@gustavoleon.es<\/p><p>The communications will be received and treated by the Accessibility Responsible Unit of the Digitalizing Agent in charge of the creation and correct functioning of this web site.<\/p><p><strong style=\"font-size: 1.5em;\">Accessible information requests and complaints<\/strong><\/p><p>Through the contact form inside our website, you can submit the following information:<\/p><ul><li><strong>a Complaint regarding compliance with the requirements of RD 1112\/2018.<\/strong><\/li><li><strong>a Request for Accessible Information related to:<\/strong><br \/><ul><li>contents that are excluded from the scope of application of RD 1112\/2018 as established by Article 3, paragraph 4.<\/li><li>content that is exempt from compliance with accessibility requirements because it imposes a disproportionate burden.<\/li><\/ul><\/li><\/ul><p>The Request for Accessible Information must clearly state the facts, reasons and request to establish that it is a reasonable and legitimate request..<\/p><h2>APPLICATION PROCEDURE<\/h2><p>If, once a request for accessible information or complaint has been made, it has been rejected, the person concerned does not agree with the decision adopted, or the response does not meet the requirements set forth in Article 12.5 of RD 1112\/2018, the person concerned may initiate a complaint. Likewise, a claim may be initiated in the case of not having obtained a response.<\/p><p>The complaint procedure set out in article 13 of RD 1112\/2018, can be initiated through <a href=\"https:\/\/gustavoleon.es\/en\/contact-us\/\">this link.<\/a><\/p><h2>OPTIONAL CONTENT<\/h2><p>The web site:<\/p><ul><li><strong>has been designed in accordance with current standards and regulations regarding accessibility, complying with the priority 2 (AA) checkpoints defined in the Web Content Accessibility Guidelines (WCAG 2.1) specification<\/strong>.<\/li><li><strong>is optimized for the latest current versions of Chrome, Edge, Firefox, Safari and Opera<\/strong><\/li><li><strong>is designed to be displayed correctly in any resolution and on any desktop, tablet or mobile device (responsive design).<\/strong><\/li><li><strong>has been realized using HTML5 as markup language and CSS 3 style sheets for its design<\/strong>.<\/li><\/ul><p>In addition, we are continuously auditing and revising content to facilitate its interpretation and improve navigation through the web portal..<\/p>\t\t\t\t\t\t\t\t<\/div>\n\t\t\t\t<\/div>\n\t\t\t\t\t<\/div>\n\t\t<\/div>\n\t\t\t\t\t<\/div>\n\t\t<\/section>\n\t\t\t\t<\/div>\n\t\t","protected":false},"excerpt":{"rendered":"<p>Declaraci\u00f3n de accesibilidad Gustavo Le\u00f3n Pel\u00e1ez, with NIF\/CIF53154522G , has undertaken to make his websites accessible in accordance with the Royal Decree 1112\/2018, of September 7, on accessibility of public sector websites and applications for mobile devices. COMPLIANCE STATUS This website is partially compliant with RD 1112\/2018 due to the exceptions and non-compliance of the [&hellip;]<\/p>\n","protected":false},"author":2,"featured_media":0,"parent":0,"menu_order":0,"comment_status":"closed","ping_status":"closed","template":"","meta":{"site-sidebar-layout":"no-sidebar","site-content-layout":"page-builder","ast-site-content-layout":"default","site-content-style":"default","site-sidebar-style":"default","ast-global-header-display":"","ast-banner-title-visibility":"","ast-main-header-display":"","ast-hfb-above-header-display":"","ast-hfb-below-header-display":"","ast-hfb-mobile-header-display":"","site-post-title":"disabled","ast-breadcrumbs-content":"","ast-featured-img":"disabled","footer-sml-layout":"","ast-disable-related-posts":"","theme-transparent-header-meta":"default","adv-header-id-meta":"","stick-header-meta":"default","header-above-stick-meta":"","header-main-stick-meta":"","header-below-stick-meta":"","astra-migrate-meta-layouts":"default","ast-page-background-enabled":"default","ast-page-background-meta":{"desktop":{"background-color":"","background-image":"","background-repeat":"repeat","background-position":"center center","background-size":"auto","background-attachment":"scroll","background-type":"","background-media":"","overlay-type":"","overlay-color":"","overlay-opacity":"","overlay-gradient":""},"tablet":{"background-color":"","background-image":"","background-repeat":"repeat","background-position":"center center","background-size":"auto","background-attachment":"scroll","background-type":"","background-media":"","overlay-type":"","overlay-color":"","overlay-opacity":"","overlay-gradient":""},"mobile":{"background-color":"","background-image":"","background-repeat":"repeat","background-position":"center center","background-size":"auto","background-attachment":"scroll","background-type":"","background-media":"","overlay-type":"","overlay-color":"","overlay-opacity":"","overlay-gradient":""}},"ast-content-background-meta":{"desktop":{"background-color":"var(--ast-global-color-5)","background-image":"","background-repeat":"repeat","background-position":"center center","background-size":"auto","background-attachment":"scroll","background-type":"","background-media":"","overlay-type":"","overlay-color":"","overlay-opacity":"","overlay-gradient":""},"tablet":{"background-color":"var(--ast-global-color-5)","background-image":"","background-repeat":"repeat","background-position":"center center","background-size":"auto","background-attachment":"scroll","background-type":"","background-media":"","overlay-type":"","overlay-color":"","overlay-opacity":"","overlay-gradient":""},"mobile":{"background-color":"var(--ast-global-color-5)","background-image":"","background-repeat":"repeat","background-position":"center center","background-size":"auto","background-attachment":"scroll","background-type":"","background-media":"","overlay-type":"","overlay-color":"","overlay-opacity":"","overlay-gradient":""}},"_joinchat":[],"footnotes":""},"class_list":["post-2503","page","type-page","status-publish","hentry"],"yoast_head":"<!-- This site is optimized with the Yoast SEO plugin v27.5 - https:\/\/yoast.com\/product\/yoast-seo-wordpress\/ -->\n<title>Accessibility Statement | Gustavo Le\u00f3n<\/title>\n<meta name=\"robots\" content=\"index, follow, max-snippet:-1, max-image-preview:large, max-video-preview:-1\" \/>\n<link rel=\"canonical\" href=\"https:\/\/gustavoleon.es\/en\/accessibility-statement\/\" \/>\n<meta property=\"og:locale\" content=\"en_US\" \/>\n<meta property=\"og:type\" content=\"article\" \/>\n<meta property=\"og:title\" content=\"Accessibility Statement | Gustavo Le\u00f3n\" \/>\n<meta property=\"og:description\" content=\"Declaraci\u00f3n de accesibilidad Gustavo Le\u00f3n Pel\u00e1ez, with NIF\/CIF53154522G , has undertaken to make his websites accessible in accordance with the Royal Decree 1112\/2018, of September 7, on accessibility of public sector websites and applications for mobile devices. COMPLIANCE STATUS This website is partially compliant with RD 1112\/2018 due to the exceptions and non-compliance of the [&hellip;]\" \/>\n<meta property=\"og:url\" content=\"https:\/\/gustavoleon.es\/en\/accessibility-statement\/\" \/>\n<meta property=\"og:site_name\" content=\"Gustavo Le\u00f3n\" \/>\n<meta property=\"article:publisher\" content=\"https:\/\/www.facebook.com\" \/>\n<meta property=\"article:modified_time\" content=\"2023-04-20T16:02:43+00:00\" \/>\n<meta name=\"twitter:card\" content=\"summary_large_image\" \/>\n<meta name=\"twitter:label1\" content=\"Est. reading time\" \/>\n\t<meta name=\"twitter:data1\" content=\"3 minutes\" \/>\n<script type=\"application\/ld+json\" class=\"yoast-schema-graph\">{\"@context\":\"https:\\\/\\\/schema.org\",\"@graph\":[{\"@type\":\"WebPage\",\"@id\":\"https:\\\/\\\/gustavoleon.es\\\/en\\\/accessibility-statement\\\/\",\"url\":\"https:\\\/\\\/gustavoleon.es\\\/en\\\/accessibility-statement\\\/\",\"name\":\"Accessibility Statement | Gustavo Le\u00f3n\",\"isPartOf\":{\"@id\":\"https:\\\/\\\/gustavoleon.es\\\/#website\"},\"datePublished\":\"2023-02-20T21:37:05+00:00\",\"dateModified\":\"2023-04-20T16:02:43+00:00\",\"breadcrumb\":{\"@id\":\"https:\\\/\\\/gustavoleon.es\\\/en\\\/accessibility-statement\\\/#breadcrumb\"},\"inLanguage\":\"en-US\",\"potentialAction\":[{\"@type\":\"ReadAction\",\"target\":[\"https:\\\/\\\/gustavoleon.es\\\/en\\\/accessibility-statement\\\/\"]}]},{\"@type\":\"BreadcrumbList\",\"@id\":\"https:\\\/\\\/gustavoleon.es\\\/en\\\/accessibility-statement\\\/#breadcrumb\",\"itemListElement\":[{\"@type\":\"ListItem\",\"position\":1,\"name\":\"Portada\",\"item\":\"https:\\\/\\\/gustavoleon.es\\\/en\\\/\"},{\"@type\":\"ListItem\",\"position\":2,\"name\":\"Accessibility Statement\"}]},{\"@type\":\"WebSite\",\"@id\":\"https:\\\/\\\/gustavoleon.es\\\/#website\",\"url\":\"https:\\\/\\\/gustavoleon.es\\\/\",\"name\":\"Gustavo Le\u00f3n\",\"description\":\"\",\"publisher\":{\"@id\":\"https:\\\/\\\/gustavoleon.es\\\/#\\\/schema\\\/person\\\/b9e46923233604b57eca8511d3bea300\"},\"potentialAction\":[{\"@type\":\"SearchAction\",\"target\":{\"@type\":\"EntryPoint\",\"urlTemplate\":\"https:\\\/\\\/gustavoleon.es\\\/?s={search_term_string}\"},\"query-input\":{\"@type\":\"PropertyValueSpecification\",\"valueRequired\":true,\"valueName\":\"search_term_string\"}}],\"inLanguage\":\"en-US\"},{\"@type\":[\"Person\",\"Organization\"],\"@id\":\"https:\\\/\\\/gustavoleon.es\\\/#\\\/schema\\\/person\\\/b9e46923233604b57eca8511d3bea300\",\"name\":\"YERAY ORDO\u00d1EZ MUSTIELES\",\"image\":{\"@type\":\"ImageObject\",\"inLanguage\":\"en-US\",\"@id\":\"https:\\\/\\\/gustavoleon.es\\\/wp-content\\\/uploads\\\/2023\\\/01\\\/logo-fondo-blanco.jpg\",\"url\":\"https:\\\/\\\/gustavoleon.es\\\/wp-content\\\/uploads\\\/2023\\\/01\\\/logo-fondo-blanco.jpg\",\"contentUrl\":\"https:\\\/\\\/gustavoleon.es\\\/wp-content\\\/uploads\\\/2023\\\/01\\\/logo-fondo-blanco.jpg\",\"width\":520,\"height\":362,\"caption\":\"YERAY ORDO\u00d1EZ MUSTIELES\"},\"logo\":{\"@id\":\"https:\\\/\\\/gustavoleon.es\\\/wp-content\\\/uploads\\\/2023\\\/01\\\/logo-fondo-blanco.jpg\"},\"sameAs\":[\"https:\\\/\\\/www.facebook.com\"]}]}<\/script>\n<!-- \/ Yoast SEO plugin. -->","yoast_head_json":{"title":"Accessibility Statement | Gustavo Le\u00f3n","robots":{"index":"index","follow":"follow","max-snippet":"max-snippet:-1","max-image-preview":"max-image-preview:large","max-video-preview":"max-video-preview:-1"},"canonical":"https:\/\/gustavoleon.es\/en\/accessibility-statement\/","og_locale":"en_US","og_type":"article","og_title":"Accessibility Statement | Gustavo Le\u00f3n","og_description":"Declaraci\u00f3n de accesibilidad Gustavo Le\u00f3n Pel\u00e1ez, with NIF\/CIF53154522G , has undertaken to make his websites accessible in accordance with the Royal Decree 1112\/2018, of September 7, on accessibility of public sector websites and applications for mobile devices. COMPLIANCE STATUS This website is partially compliant with RD 1112\/2018 due to the exceptions and non-compliance of the [&hellip;]","og_url":"https:\/\/gustavoleon.es\/en\/accessibility-statement\/","og_site_name":"Gustavo Le\u00f3n","article_publisher":"https:\/\/www.facebook.com","article_modified_time":"2023-04-20T16:02:43+00:00","twitter_card":"summary_large_image","twitter_misc":{"Est. reading time":"3 minutes"},"schema":{"@context":"https:\/\/schema.org","@graph":[{"@type":"WebPage","@id":"https:\/\/gustavoleon.es\/en\/accessibility-statement\/","url":"https:\/\/gustavoleon.es\/en\/accessibility-statement\/","name":"Accessibility Statement | Gustavo Le\u00f3n","isPartOf":{"@id":"https:\/\/gustavoleon.es\/#website"},"datePublished":"2023-02-20T21:37:05+00:00","dateModified":"2023-04-20T16:02:43+00:00","breadcrumb":{"@id":"https:\/\/gustavoleon.es\/en\/accessibility-statement\/#breadcrumb"},"inLanguage":"en-US","potentialAction":[{"@type":"ReadAction","target":["https:\/\/gustavoleon.es\/en\/accessibility-statement\/"]}]},{"@type":"BreadcrumbList","@id":"https:\/\/gustavoleon.es\/en\/accessibility-statement\/#breadcrumb","itemListElement":[{"@type":"ListItem","position":1,"name":"Portada","item":"https:\/\/gustavoleon.es\/en\/"},{"@type":"ListItem","position":2,"name":"Accessibility Statement"}]},{"@type":"WebSite","@id":"https:\/\/gustavoleon.es\/#website","url":"https:\/\/gustavoleon.es\/","name":"Gustavo Le\u00f3n","description":"","publisher":{"@id":"https:\/\/gustavoleon.es\/#\/schema\/person\/b9e46923233604b57eca8511d3bea300"},"potentialAction":[{"@type":"SearchAction","target":{"@type":"EntryPoint","urlTemplate":"https:\/\/gustavoleon.es\/?s={search_term_string}"},"query-input":{"@type":"PropertyValueSpecification","valueRequired":true,"valueName":"search_term_string"}}],"inLanguage":"en-US"},{"@type":["Person","Organization"],"@id":"https:\/\/gustavoleon.es\/#\/schema\/person\/b9e46923233604b57eca8511d3bea300","name":"YERAY ORDO\u00d1EZ MUSTIELES","image":{"@type":"ImageObject","inLanguage":"en-US","@id":"https:\/\/gustavoleon.es\/wp-content\/uploads\/2023\/01\/logo-fondo-blanco.jpg","url":"https:\/\/gustavoleon.es\/wp-content\/uploads\/2023\/01\/logo-fondo-blanco.jpg","contentUrl":"https:\/\/gustavoleon.es\/wp-content\/uploads\/2023\/01\/logo-fondo-blanco.jpg","width":520,"height":362,"caption":"YERAY ORDO\u00d1EZ MUSTIELES"},"logo":{"@id":"https:\/\/gustavoleon.es\/wp-content\/uploads\/2023\/01\/logo-fondo-blanco.jpg"},"sameAs":["https:\/\/www.facebook.com"]}]}},"_links":{"self":[{"href":"https:\/\/gustavoleon.es\/en\/wp-json\/wp\/v2\/pages\/2503","targetHints":{"allow":["GET"]}}],"collection":[{"href":"https:\/\/gustavoleon.es\/en\/wp-json\/wp\/v2\/pages"}],"about":[{"href":"https:\/\/gustavoleon.es\/en\/wp-json\/wp\/v2\/types\/page"}],"author":[{"embeddable":true,"href":"https:\/\/gustavoleon.es\/en\/wp-json\/wp\/v2\/users\/2"}],"replies":[{"embeddable":true,"href":"https:\/\/gustavoleon.es\/en\/wp-json\/wp\/v2\/comments?post=2503"}],"version-history":[{"count":5,"href":"https:\/\/gustavoleon.es\/en\/wp-json\/wp\/v2\/pages\/2503\/revisions"}],"predecessor-version":[{"id":2672,"href":"https:\/\/gustavoleon.es\/en\/wp-json\/wp\/v2\/pages\/2503\/revisions\/2672"}],"wp:attachment":[{"href":"https:\/\/gustavoleon.es\/en\/wp-json\/wp\/v2\/media?parent=2503"}],"curies":[{"name":"wp","href":"https:\/\/api.w.org\/{rel}","templated":true}]}}